{"id":152,"date":"2014-06-09T20:48:10","date_gmt":"2014-06-09T19:48:10","guid":{"rendered":"https:\/\/chalet-les-clarines.com\/?page_id=152"},"modified":"2025-06-04T15:53:18","modified_gmt":"2025-06-04T13:53:18","slug":"les-services","status":"publish","type":"page","link":"https:\/\/chalet-les-clarines.com\/en\/les-services\/","title":{"rendered":"Services"},"content":{"rendered":"<h2>Included services:<\/h2>\n<ul>\n<li>Free WiFi in every apartment<\/li>\n<li>Private outdoor parking<\/li>\n<li>Baby cot<\/li>\n<li>Winter : ski locker with boot dryer<\/li>\n<li>Summer : heated outdoor pool<\/li>\n<\/ul>\n<h2>Plus :<\/h2>\n<ul>\n<li>400m from the shops. Free skibus run every 15 minutes to the slopes (600m)<\/li>\n<li>Contact our partner, Ski Set Olympic Sports, for your ski hire: 25% to 55% discount depending on the dates, with the promo code\u00a0\u00a0<a href=\"https:\/\/www.olympicsports.en\/\" target=\"_blank\" rel=\"noopener\"><span style=\"color: #831100;\">OLYMPICMONTANA<\/span><\/a><\/li>\n<li>Ski clothing rental: you can rent your ski clothing for your stay! Thanks to Ski-chic.com, rent your clothes and ski accessories online and find them directly in your apartment! Find the perfect outfit and enjoy your stay in the mountains comfortably. <a href=\"https:\/\/www.ski-chic.com?acc=6974ce5ac660610b44d9b9fed0ff9548&amp;bannerid=155\" target=\"_blank\" rel=\"noopener\">Visit us<\/a><\/li>\n<\/ul>\n<h2>Optional extras:\u00a0:<\/h2>\n<ul>\n<li>Bed linen hire: \u20ac20 per set<\/li>\n<li>Towel hire: \u20ac15<\/li>\n<li>Garage parking: \u20ac60 (on reservation)<\/li>\n<li>End of stay cleaning : 70\u20ac (studio), 100\u20ac (3 rooms apartment)<\/li>\n<\/ul>\n<p>* Pets are not allowed.<\/p>\n","protected":false},"excerpt":{"rendered":"<p>Included services: Free WiFi in every apartment Private outdoor parking Baby cot Winter : ski locker with boot dryer Summer : heated outdoor pool Plus : 400m from the shops. Free skibus run every 15 minutes to the slopes (600m) Contact our partner, Ski Set Olympic Sports, for your ski hire: 25% to 55% discount [&hellip;]<\/p>\n","protected":false},"author":1,"featured_media":0,"parent":0,"menu_order":0,"comment_status":"closed","ping_status":"closed","template":"","meta":{"_acf_changed":false,"footnotes":""},"class_list":["post-152","page","type-page","status-publish","hentry"],"acf":[],"yoast_head":"<!-- This site is optimized with the Yoast SEO plugin v26.7 - https:\/\/yoast.com\/wordpress\/plugins\/seo\/ -->\n<title>Nos services pour votre s\u00e9jour - Chalet Les Clarines<\/title>\n<meta name=\"description\" content=\"D\u00e9couvrez tous les services du Chalet Les Clarines pour faciliter votre s\u00e9jour \u00e9t\u00e9 ou hiver \u00e0 la Rosi\u00e8re 1850, en Savoie\" \/>\n<meta name=\"robots\" content=\"index, follow, max-snippet:-1, max-image-preview:large, max-video-preview:-1\" \/>\n<link rel=\"canonical\" href=\"https:\/\/chalet-les-clarines.com\/en\/les-services\/\" \/>\n<meta property=\"og:locale\" content=\"en_US\" \/>\n<meta property=\"og:type\" content=\"article\" \/>\n<meta property=\"og:title\" content=\"Nos services pour votre s\u00e9jour - Chalet Les Clarines\" \/>\n<meta property=\"og:description\" content=\"D\u00e9couvrez tous les services du Chalet Les Clarines pour faciliter votre s\u00e9jour \u00e9t\u00e9 ou hiver \u00e0 la Rosi\u00e8re 1850, en Savoie\" \/>\n<meta property=\"og:url\" content=\"https:\/\/chalet-les-clarines.com\/en\/les-services\/\" \/>\n<meta property=\"og:site_name\" content=\"Le Chalet Clarines\" \/>\n<meta property=\"article:modified_time\" content=\"2025-06-04T13:53:18+00:00\" \/>\n<meta name=\"twitter:label1\" content=\"Est. reading time\" \/>\n\t<meta name=\"twitter:data1\" content=\"1 minute\" \/>\n<script type=\"application\/ld+json\" class=\"yoast-schema-graph\">{\"@context\":\"https:\/\/schema.org\",\"@graph\":[{\"@type\":\"WebPage\",\"@id\":\"https:\/\/chalet-les-clarines.com\/en\/les-services\/\",\"url\":\"https:\/\/chalet-les-clarines.com\/en\/les-services\/\",\"name\":\"Nos services pour votre s\u00e9jour - Chalet Les Clarines\",\"isPartOf\":{\"@id\":\"https:\/\/chalet-les-clarines.com\/#website\"},\"datePublished\":\"2014-06-09T19:48:10+00:00\",\"dateModified\":\"2025-06-04T13:53:18+00:00\",\"description\":\"D\u00e9couvrez tous les services du Chalet Les Clarines pour faciliter votre s\u00e9jour \u00e9t\u00e9 ou hiver \u00e0 la Rosi\u00e8re 1850, en Savoie\",\"breadcrumb\":{\"@id\":\"https:\/\/chalet-les-clarines.com\/en\/les-services\/#breadcrumb\"},\"inLanguage\":\"en-US\",\"potentialAction\":[{\"@type\":\"ReadAction\",\"target\":[\"https:\/\/chalet-les-clarines.com\/en\/les-services\/\"]}]},{\"@type\":\"BreadcrumbList\",\"@id\":\"https:\/\/chalet-les-clarines.com\/en\/les-services\/#breadcrumb\",\"itemListElement\":[{\"@type\":\"ListItem\",\"position\":1,\"name\":\"Accueil\",\"item\":\"https:\/\/chalet-les-clarines.com\/en\/\"},{\"@type\":\"ListItem\",\"position\":2,\"name\":\"Services\"}]},{\"@type\":\"WebSite\",\"@id\":\"https:\/\/chalet-les-clarines.com\/#website\",\"url\":\"https:\/\/chalet-les-clarines.com\/\",\"name\":\"Le Chalet Clarines\",\"description\":\"\",\"potentialAction\":[{\"@type\":\"SearchAction\",\"target\":{\"@type\":\"EntryPoint\",\"urlTemplate\":\"https:\/\/chalet-les-clarines.com\/?s={search_term_string}\"},\"query-input\":{\"@type\":\"PropertyValueSpecification\",\"valueRequired\":true,\"valueName\":\"search_term_string\"}}],\"inLanguage\":\"en-US\"}]}<\/script>\n<!-- \/ Yoast SEO plugin. -->","yoast_head_json":{"title":"Nos services pour votre s\u00e9jour - Chalet Les Clarines","description":"D\u00e9couvrez tous les services du Chalet Les Clarines pour faciliter votre s\u00e9jour \u00e9t\u00e9 ou hiver \u00e0 la Rosi\u00e8re 1850, en Savoie","robots":{"index":"index","follow":"follow","max-snippet":"max-snippet:-1","max-image-preview":"max-image-preview:large","max-video-preview":"max-video-preview:-1"},"canonical":"https:\/\/chalet-les-clarines.com\/en\/les-services\/","og_locale":"en_US","og_type":"article","og_title":"Nos services pour votre s\u00e9jour - Chalet Les Clarines","og_description":"D\u00e9couvrez tous les services du Chalet Les Clarines pour faciliter votre s\u00e9jour \u00e9t\u00e9 ou hiver \u00e0 la Rosi\u00e8re 1850, en Savoie","og_url":"https:\/\/chalet-les-clarines.com\/en\/les-services\/","og_site_name":"Le Chalet Clarines","article_modified_time":"2025-06-04T13:53:18+00:00","twitter_misc":{"Est. reading time":"1 minute"},"schema":{"@context":"https:\/\/schema.org","@graph":[{"@type":"WebPage","@id":"https:\/\/chalet-les-clarines.com\/en\/les-services\/","url":"https:\/\/chalet-les-clarines.com\/en\/les-services\/","name":"Nos services pour votre s\u00e9jour - Chalet Les Clarines","isPartOf":{"@id":"https:\/\/chalet-les-clarines.com\/#website"},"datePublished":"2014-06-09T19:48:10+00:00","dateModified":"2025-06-04T13:53:18+00:00","description":"D\u00e9couvrez tous les services du Chalet Les Clarines pour faciliter votre s\u00e9jour \u00e9t\u00e9 ou hiver \u00e0 la Rosi\u00e8re 1850, en Savoie","breadcrumb":{"@id":"https:\/\/chalet-les-clarines.com\/en\/les-services\/#breadcrumb"},"inLanguage":"en-US","potentialAction":[{"@type":"ReadAction","target":["https:\/\/chalet-les-clarines.com\/en\/les-services\/"]}]},{"@type":"BreadcrumbList","@id":"https:\/\/chalet-les-clarines.com\/en\/les-services\/#breadcrumb","itemListElement":[{"@type":"ListItem","position":1,"name":"Accueil","item":"https:\/\/chalet-les-clarines.com\/en\/"},{"@type":"ListItem","position":2,"name":"Services"}]},{"@type":"WebSite","@id":"https:\/\/chalet-les-clarines.com\/#website","url":"https:\/\/chalet-les-clarines.com\/","name":"Le Chalet Clarines","description":"","potentialAction":[{"@type":"SearchAction","target":{"@type":"EntryPoint","urlTemplate":"https:\/\/chalet-les-clarines.com\/?s={search_term_string}"},"query-input":{"@type":"PropertyValueSpecification","valueRequired":true,"valueName":"search_term_string"}}],"inLanguage":"en-US"}]}},"_links":{"self":[{"href":"https:\/\/chalet-les-clarines.com\/en\/wp-json\/wp\/v2\/pages\/152","targetHints":{"allow":["GET"]}}],"collection":[{"href":"https:\/\/chalet-les-clarines.com\/en\/wp-json\/wp\/v2\/pages"}],"about":[{"href":"https:\/\/chalet-les-clarines.com\/en\/wp-json\/wp\/v2\/types\/page"}],"author":[{"embeddable":true,"href":"https:\/\/chalet-les-clarines.com\/en\/wp-json\/wp\/v2\/users\/1"}],"replies":[{"embeddable":true,"href":"https:\/\/chalet-les-clarines.com\/en\/wp-json\/wp\/v2\/comments?post=152"}],"version-history":[{"count":5,"href":"https:\/\/chalet-les-clarines.com\/en\/wp-json\/wp\/v2\/pages\/152\/revisions"}],"predecessor-version":[{"id":2244,"href":"https:\/\/chalet-les-clarines.com\/en\/wp-json\/wp\/v2\/pages\/152\/revisions\/2244"}],"wp:attachment":[{"href":"https:\/\/chalet-les-clarines.com\/en\/wp-json\/wp\/v2\/media?parent=152"}],"curies":[{"name":"wp","href":"https:\/\/api.w.org\/{rel}","templated":true}]}}