{"id":156,"date":"2020-11-16T17:40:36","date_gmt":"2020-11-16T16:40:36","guid":{"rendered":"https:\/\/chalet-les-clarines.com\/?page_id=156"},"modified":"2026-02-16T19:21:27","modified_gmt":"2026-02-16T18:21:27","slug":"les-tarifs","status":"publish","type":"page","link":"https:\/\/chalet-les-clarines.com\/en\/les-tarifs\/","title":{"rendered":"Prices"},"content":{"rendered":"<h1>Informations et tarifs<\/h1>\n<h2><span style=\"color: #993300;\">Hiver 2025\/2026 :<br \/>\n<\/span><\/h2>\n<p>Nos tarifs sont \u00e0 jour afin que vous puissiez r\u00e9server\u00a0en toute tranquillit\u00e9.<br \/>\nN&#8217;h\u00e9sitez pas \u00e0 nous contacter <a title=\"Contactez-nous pour connaitre les disponibilit\u00e9s\" href=\"https:\/\/chalet-les-clarines.com\/en\/contact-2\/\" target=\"_blank\" rel=\"noopener\">ici<\/a>, pour conna\u00eetre les disponibilit\u00e9s en temps r\u00e9el.<\/p>\n<table style=\"width: 604px; height: 542px;\">\n<thead>\n<tr>\n<th width=\"125\">Dates de s\u00e9jour<\/th>\n<th style=\"text-align: center;\" width=\"80\">Studio<br \/>\n1 \u00e0 4 personnes<br \/>\n(30m\u00b2)<\/th>\n<th style=\"text-align: center;\" width=\"80\">3 Pi\u00e8ces<br \/>\n5 \u00e0 6 personnes<br \/>\n(45m\u00b2)<\/th>\n<\/tr>\n<\/thead>\n<tbody>\n<tr>\n<td style=\"text-align: center;\">13\/12 au 20\/12<\/td>\n<td style=\"text-align: center;\"><strong>550 \u20ac<\/strong><\/td>\n<td style=\"text-align: center;\"><strong>750 \u20ac<\/strong><\/td>\n<\/tr>\n<tr style=\"background-color: #4cb2cd; color: white;\">\n<td style=\"text-align: center;\">20\/12 au 27\/12<\/td>\n<td style=\"text-align: center;\"><strong>850 \u20ac<\/strong><\/td>\n<td style=\"text-align: center;\"><del><\/del><strong>1200 \u20ac<\/strong><\/td>\n<\/tr>\n<tr style=\"background-color: #4cb2cd; color: white;\">\n<td style=\"text-align: center;\">27\/12 au 03\/01<\/td>\n<td style=\"text-align: center;\"><strong>1100 \u20ac<\/strong><\/td>\n<td style=\"text-align: center;\"><strong>1600 \u20ac<\/strong><\/td>\n<\/tr>\n<tr>\n<td style=\"text-align: center;\">03\/01 au 10\/01<\/td>\n<td style=\"text-align: center;\"><strong>600 \u20ac<br \/>\n<\/strong><\/td>\n<td style=\"text-align: center;\"><strong>750 \u20ac<\/strong><\/td>\n<\/tr>\n<tr>\n<td style=\"text-align: center;\">10\/01 au 17\/01<\/td>\n<td style=\"text-align: center;\"><del><\/del><strong>600 \u20ac<\/strong><\/td>\n<td style=\"text-align: center;\"><del><\/del><strong>750 \u20ac<\/strong><\/td>\n<\/tr>\n<tr>\n<td style=\"text-align: center;\">17\/01 au 24\/01<\/td>\n<td style=\"text-align: center;\"><strong>700 \u20ac<br \/>\n<\/strong><\/td>\n<td style=\"text-align: center;\"><strong>800 \u20ac<br \/>\n<\/strong><\/td>\n<\/tr>\n<tr>\n<td style=\"text-align: center;\">24\/01 au 31\/01<\/td>\n<td style=\"text-align: center;\"><strong>700 \u20ac<br \/>\n<\/strong><\/td>\n<td style=\"text-align: center;\"><strong>800 \u20ac<\/strong><\/td>\n<\/tr>\n<tr>\n<td style=\"text-align: center;\">31\/01 au 07\/02<\/td>\n<td style=\"text-align: center;\"><strong>700 \u20ac<br \/>\n<\/strong><\/td>\n<td style=\"text-align: center;\"><strong>800 \u20ac<br \/>\n<\/strong><\/td>\n<\/tr>\n<tr style=\"background-color: #4cb2cd; color: white;\">\n<td style=\"text-align: center;\">07\/02 au 14\/02<\/td>\n<td style=\"text-align: center;\"><strong>1100 \u20ac<br \/>\n<\/strong><\/td>\n<td style=\"text-align: center;\"><strong>1600 \u20ac<\/strong><\/td>\n<\/tr>\n<tr style=\"background-color: #4cb2cd; color: white;\">\n<td style=\"text-align: center;\">14\/02 au 21\/02<\/td>\n<td style=\"text-align: center;\"><strong>1100 \u20ac<\/strong><\/td>\n<td style=\"text-align: center;\"><strong>1600 \u20ac<\/strong><\/td>\n<\/tr>\n<tr style=\"background-color: #4cb2cd; color: white;\">\n<td style=\"text-align: center;\">21\/02 au 28\/02<\/td>\n<td style=\"text-align: center;\"><strong>1100 \u20ac<\/strong><\/td>\n<td style=\"text-align: center;\"><strong>1600 \u20ac<\/strong><\/td>\n<\/tr>\n<tr style=\"background-color: #4cb2cd; color: white;\">\n<td style=\"text-align: center;\">28\/02 au 07\/03<\/td>\n<td style=\"text-align: center;\"><strong>1100 \u20ac<br \/>\n<\/strong><\/td>\n<td style=\"text-align: center;\"><strong>1600 \u20ac<br \/>\n<\/strong><\/td>\n<\/tr>\n<tr>\n<td style=\"text-align: center;\">07\/03 au 14\/03<\/td>\n<td style=\"text-align: center;\"><strong>600 \u20ac<\/strong><\/td>\n<td style=\"text-align: center;\"><strong>\u00a0900 \u20ac<\/strong><\/td>\n<\/tr>\n<tr>\n<td style=\"text-align: center;\">14\/03 au 21\/03<\/td>\n<td style=\"text-align: center;\"><strong>600 \u20ac<\/strong><\/td>\n<td style=\"text-align: center;\"><strong>900 \u20ac<\/strong><\/td>\n<\/tr>\n<tr>\n<td style=\"text-align: center;\">21\/03 au 28\/03<\/td>\n<td style=\"text-align: center;\"><strong>600 \u20ac<\/strong><\/td>\n<td style=\"text-align: center;\"><strong>900 \u20ac<\/strong><\/td>\n<\/tr>\n<tr>\n<td style=\"text-align: center;\">28\/03 au 04\/04<\/td>\n<td style=\"text-align: center;\"><strong>600 \u20ac<\/strong><\/td>\n<td style=\"text-align: center;\"><strong>900 \u20ac<\/strong><\/td>\n<\/tr>\n<tr style=\"background-color: #4cb2cd; color: white;\">\n<td style=\"text-align: center;\">04\/04 au 11\/04<\/td>\n<td style=\"text-align: center;\"><strong>600 \u20ac<\/strong><\/td>\n<td style=\"text-align: center;\"><strong>900 \u20ac<\/strong><\/td>\n<\/tr>\n<tr style=\"background-color: #4cb2cd; color: white;\">\n<td style=\"text-align: center;\">11\/04 au 18\/04<\/td>\n<td style=\"text-align: center;\"><strong>600 \u20ac<\/strong><\/td>\n<td style=\"text-align: center;\"><strong>900 \u20ac<\/strong><\/td>\n<\/tr>\n<\/tbody>\n<\/table>\n<p>&nbsp;<\/p>\n<table style=\"height: 10px; border: 0;\" width=\"555\">\n<tbody>\n<tr>\n<td style=\"background-color: #4cb2cd; width: 10px; height: 10px;\"><\/td>\n<td style=\"border: 0;\">P\u00e9riodes de vacances scolaires FR<\/td>\n<\/tr>\n<\/tbody>\n<\/table>\n<ul>\n<li>La semaine s&#8217;\u00e9tend du Samedi 14h au Samedi suivant 9h au plus tard.<\/li>\n<li>Moyens de paiement accept\u00e9s : ch\u00e8ques, ch\u00e8ques vacances, cartes bancaires, virements et esp\u00e8ces.<\/li>\n<li>Les charges sont comprises.<\/li>\n<li>Les animaux ne sont pas admis.<\/li>\n<li>Les locaux ne peuvent \u00eatre occup\u00e9s par un nombre sup\u00e9rieur \u00e0 celui indiqu\u00e9.<\/li>\n<li>Taxe de s\u00e9jour en sus : 1.10 \u20ac par nuit et par adulte (\u00e0 r\u00e9gler sur place \/ gratuit pour les moins de 18 ans).<\/li>\n<li><span style=\"text-decoration: underline;\"><strong>D\u00e9p\u00f4ts de garantie<\/strong><\/span> :<\/li>\n<li>un ch\u00e8que de 200\u20ac en cas de casse ou d\u00e9gradation\u00a0(restitu\u00e9 en fin de s\u00e9jour)<\/li>\n<li>un ch\u00e8que de 100\u20ac pour le m\u00e9nage de fin de s\u00e9jour (restitu\u00e9 en fin de s\u00e9jour)<\/li>\n<\/ul>\n<p>&nbsp;<\/p>\n","protected":false},"excerpt":{"rendered":"<p>Informations et tarifs Hiver 2025\/2026 : Nos tarifs sont \u00e0 jour afin que vous puissiez r\u00e9server\u00a0en toute tranquillit\u00e9. N&#8217;h\u00e9sitez pas \u00e0 nous contacter ici, pour conna\u00eetre les disponibilit\u00e9s en temps r\u00e9el. Dates de s\u00e9jour Studio 1 \u00e0 4 personnes (30m\u00b2) 3 Pi\u00e8ces 5 \u00e0 6 personnes (45m\u00b2) 13\/12 au 20\/12 550 \u20ac 750 \u20ac 20\/12 [&hellip;]<\/p>\n","protected":false},"author":1,"featured_media":0,"parent":0,"menu_order":0,"comment_status":"closed","ping_status":"closed","template":"","meta":{"_acf_changed":false,"footnotes":""},"class_list":["post-156","page","type-page","status-publish","hentry"],"acf":[],"yoast_head":"<!-- This site is optimized with the Yoast SEO plugin v26.7 - https:\/\/yoast.com\/wordpress\/plugins\/seo\/ -->\n<title>Les tarifs \u00e9t\u00e9 et hiver au Chalet les Clarines<\/title>\n<meta name=\"description\" content=\"Retrouvez tous nos tarifs hiver 22\/23 , promotions et disponibilit\u00e9s pour votre location d&#039;appartement pour votre s\u00e9jour \u00e0 la Rosi\u00e8re 1850\" \/>\n<meta name=\"robots\" content=\"index, follow, max-snippet:-1, max-image-preview:large, max-video-preview:-1\" \/>\n<link rel=\"canonical\" href=\"https:\/\/chalet-les-clarines.com\/en\/les-tarifs\/\" \/>\n<meta property=\"og:locale\" content=\"en_US\" \/>\n<meta property=\"og:type\" content=\"article\" \/>\n<meta property=\"og:title\" content=\"Les tarifs \u00e9t\u00e9 et hiver au Chalet les Clarines\" \/>\n<meta property=\"og:description\" content=\"Retrouvez tous nos tarifs hiver 22\/23 , promotions et disponibilit\u00e9s pour votre location d&#039;appartement pour votre s\u00e9jour \u00e0 la Rosi\u00e8re 1850\" \/>\n<meta property=\"og:url\" content=\"https:\/\/chalet-les-clarines.com\/en\/les-tarifs\/\" \/>\n<meta property=\"og:site_name\" content=\"Le Chalet Clarines\" \/>\n<meta property=\"article:modified_time\" content=\"2026-02-16T18:21:27+00:00\" \/>\n<meta name=\"twitter:label1\" content=\"Est. reading time\" \/>\n\t<meta name=\"twitter:data1\" content=\"2 minutes\" \/>\n<script type=\"application\/ld+json\" class=\"yoast-schema-graph\">{\"@context\":\"https:\/\/schema.org\",\"@graph\":[{\"@type\":\"WebPage\",\"@id\":\"https:\/\/chalet-les-clarines.com\/en\/les-tarifs\/\",\"url\":\"https:\/\/chalet-les-clarines.com\/en\/les-tarifs\/\",\"name\":\"Les tarifs \u00e9t\u00e9 et hiver au Chalet les Clarines\",\"isPartOf\":{\"@id\":\"https:\/\/chalet-les-clarines.com\/#website\"},\"datePublished\":\"2020-11-16T16:40:36+00:00\",\"dateModified\":\"2026-02-16T18:21:27+00:00\",\"description\":\"Retrouvez tous nos tarifs hiver 22\/23 , promotions et disponibilit\u00e9s pour votre location d'appartement pour votre s\u00e9jour \u00e0 la Rosi\u00e8re 1850\",\"breadcrumb\":{\"@id\":\"https:\/\/chalet-les-clarines.com\/en\/les-tarifs\/#breadcrumb\"},\"inLanguage\":\"en-US\",\"potentialAction\":[{\"@type\":\"ReadAction\",\"target\":[\"https:\/\/chalet-les-clarines.com\/en\/les-tarifs\/\"]}]},{\"@type\":\"BreadcrumbList\",\"@id\":\"https:\/\/chalet-les-clarines.com\/en\/les-tarifs\/#breadcrumb\",\"itemListElement\":[{\"@type\":\"ListItem\",\"position\":1,\"name\":\"Accueil\",\"item\":\"https:\/\/chalet-les-clarines.com\/en\/\"},{\"@type\":\"ListItem\",\"position\":2,\"name\":\"Prices\"}]},{\"@type\":\"WebSite\",\"@id\":\"https:\/\/chalet-les-clarines.com\/#website\",\"url\":\"https:\/\/chalet-les-clarines.com\/\",\"name\":\"Le Chalet Clarines\",\"description\":\"\",\"potentialAction\":[{\"@type\":\"SearchAction\",\"target\":{\"@type\":\"EntryPoint\",\"urlTemplate\":\"https:\/\/chalet-les-clarines.com\/?s={search_term_string}\"},\"query-input\":{\"@type\":\"PropertyValueSpecification\",\"valueRequired\":true,\"valueName\":\"search_term_string\"}}],\"inLanguage\":\"en-US\"}]}<\/script>\n<!-- \/ Yoast SEO plugin. -->","yoast_head_json":{"title":"Les tarifs \u00e9t\u00e9 et hiver au Chalet les Clarines","description":"Retrouvez tous nos tarifs hiver 22\/23 , promotions et disponibilit\u00e9s pour votre location d'appartement pour votre s\u00e9jour \u00e0 la Rosi\u00e8re 1850","robots":{"index":"index","follow":"follow","max-snippet":"max-snippet:-1","max-image-preview":"max-image-preview:large","max-video-preview":"max-video-preview:-1"},"canonical":"https:\/\/chalet-les-clarines.com\/en\/les-tarifs\/","og_locale":"en_US","og_type":"article","og_title":"Les tarifs \u00e9t\u00e9 et hiver au Chalet les Clarines","og_description":"Retrouvez tous nos tarifs hiver 22\/23 , promotions et disponibilit\u00e9s pour votre location d'appartement pour votre s\u00e9jour \u00e0 la Rosi\u00e8re 1850","og_url":"https:\/\/chalet-les-clarines.com\/en\/les-tarifs\/","og_site_name":"Le Chalet Clarines","article_modified_time":"2026-02-16T18:21:27+00:00","twitter_misc":{"Est. reading time":"2 minutes"},"schema":{"@context":"https:\/\/schema.org","@graph":[{"@type":"WebPage","@id":"https:\/\/chalet-les-clarines.com\/en\/les-tarifs\/","url":"https:\/\/chalet-les-clarines.com\/en\/les-tarifs\/","name":"Les tarifs \u00e9t\u00e9 et hiver au Chalet les Clarines","isPartOf":{"@id":"https:\/\/chalet-les-clarines.com\/#website"},"datePublished":"2020-11-16T16:40:36+00:00","dateModified":"2026-02-16T18:21:27+00:00","description":"Retrouvez tous nos tarifs hiver 22\/23 , promotions et disponibilit\u00e9s pour votre location d'appartement pour votre s\u00e9jour \u00e0 la Rosi\u00e8re 1850","breadcrumb":{"@id":"https:\/\/chalet-les-clarines.com\/en\/les-tarifs\/#breadcrumb"},"inLanguage":"en-US","potentialAction":[{"@type":"ReadAction","target":["https:\/\/chalet-les-clarines.com\/en\/les-tarifs\/"]}]},{"@type":"BreadcrumbList","@id":"https:\/\/chalet-les-clarines.com\/en\/les-tarifs\/#breadcrumb","itemListElement":[{"@type":"ListItem","position":1,"name":"Accueil","item":"https:\/\/chalet-les-clarines.com\/en\/"},{"@type":"ListItem","position":2,"name":"Prices"}]},{"@type":"WebSite","@id":"https:\/\/chalet-les-clarines.com\/#website","url":"https:\/\/chalet-les-clarines.com\/","name":"Le Chalet Clarines","description":"","potentialAction":[{"@type":"SearchAction","target":{"@type":"EntryPoint","urlTemplate":"https:\/\/chalet-les-clarines.com\/?s={search_term_string}"},"query-input":{"@type":"PropertyValueSpecification","valueRequired":true,"valueName":"search_term_string"}}],"inLanguage":"en-US"}]}},"_links":{"self":[{"href":"https:\/\/chalet-les-clarines.com\/en\/wp-json\/wp\/v2\/pages\/156","targetHints":{"allow":["GET"]}}],"collection":[{"href":"https:\/\/chalet-les-clarines.com\/en\/wp-json\/wp\/v2\/pages"}],"about":[{"href":"https:\/\/chalet-les-clarines.com\/en\/wp-json\/wp\/v2\/types\/page"}],"author":[{"embeddable":true,"href":"https:\/\/chalet-les-clarines.com\/en\/wp-json\/wp\/v2\/users\/1"}],"replies":[{"embeddable":true,"href":"https:\/\/chalet-les-clarines.com\/en\/wp-json\/wp\/v2\/comments?post=156"}],"version-history":[{"count":6,"href":"https:\/\/chalet-les-clarines.com\/en\/wp-json\/wp\/v2\/pages\/156\/revisions"}],"predecessor-version":[{"id":2438,"href":"https:\/\/chalet-les-clarines.com\/en\/wp-json\/wp\/v2\/pages\/156\/revisions\/2438"}],"wp:attachment":[{"href":"https:\/\/chalet-les-clarines.com\/en\/wp-json\/wp\/v2\/media?parent=156"}],"curies":[{"name":"wp","href":"https:\/\/api.w.org\/{rel}","templated":true}]}}