{"id":164,"date":"2014-10-31T16:06:27","date_gmt":"2014-10-31T15:06:27","guid":{"rendered":"https:\/\/chalet-les-clarines.com\/?page_id=164"},"modified":"2024-09-10T09:47:37","modified_gmt":"2024-09-10T07:47:37","slug":"nos-partenaires","status":"publish","type":"page","link":"https:\/\/chalet-les-clarines.com\/en\/nos-partenaires\/","title":{"rendered":"Partners"},"content":{"rendered":"<p>Lorem ipsum dolor sit amet, consectetur adipiscing elit. Donec bibendum mi ut mauris laoreet iaculis. Morbi volutpat molestie orci ac convallis. Proin molestie dolor eu feugiat fermentum. In egestas auctor tempus. Pellentesque maximus euismod erat iaculis semper. Integer sapien purus, euismod ut velit sed, ullamcorper faucibus lacus. Sed congue, urna id venenatis ultricies, purus nulla malesuada dui, at euismod dui est quis lacus. Mauris sit amet ipsum finibus, bibendum dolor eu, aliquet purus. Donec mattis eros eget augue malesuada, sed pellentesque eros feugiat.<\/p>\n<p>Class aptent taciti sociosqu ad litora torquent per conubia nostra, per inceptos himenaeos. Fusce facilisis leo non diam accumsan blandit. Proin faucibus nulla eu libero iaculis malesuada. Ut sodales massa ligula, id blandit ex rutrum non. Curabitur ultrices turpis quis nisi volutpat, ut euismod purus eleifend. Integer ac est quis tellus sodales scelerisque. Donec dignissim elementum sodales. Vestibulum et rutrum justo. Nulla lorem mi, scelerisque vel consequat vestibulum, lobortis consequat lorem. Etiam dignissim erat ex, quis tempus purus lacinia at. Cras eget ultrices odio. Aliquam auctor eros at orci vestibulum, eget lobortis tortor condimentum. Fusce nec dignissim felis. Sed congue mi eu odio consectetur suscipit.<\/p>\n<p>Etiam feugiat gravida erat. Pellentesque accumsan eleifend leo eu mattis. Nunc consectetur massa sit amet ligula convallis, in faucibus nibh tristique. Maecenas eget aliquet nulla. Vestibulum sit amet mauris ante. Class aptent taciti sociosqu ad litora torquent per conubia nostra, per inceptos himenaeos. Duis elementum tempus eros vitae luctus.<\/p>\n<p>Aenean placerat, velit non mollis congue, turpis lorem feugiat elit, feugiat rutrum nunc nulla sed ligula. Praesent a erat eget lectus dignissim vulputate nec ut dui. Donec tincidunt luctus quam eu varius. Mauris maximus, lorem eu accumsan iaculis, arcu nisl gravida nisl, sed tincidunt felis ex sit amet neque. Maecenas aliquet lorem id dui varius varius. Sed rhoncus libero id nulla tincidunt, non placerat nulla consequat. Nullam id laoreet leo, id vehicula ipsum. Suspendisse laoreet posuere lectus. Proin tellus sem, porta eget malesuada sed, vestibulum et libero. Vivamus a purus urna. Ut enim lacus, consectetur sit amet commodo nec, auctor sed nisi. Nulla luctus iaculis leo ac dapibus. Nulla iaculis tellus lacus, ut lobortis est aliquet vehicula. Curabitur ullamcorper interdum finibus. Fusce placerat sollicitudin erat, eu tincidunt nunc ullamcorper ut. Phasellus in mattis ipsum.<\/p>\n","protected":false},"excerpt":{"rendered":"<p>Lorem ipsum dolor sit amet, consectetur adipiscing elit. Donec bibendum mi ut mauris laoreet iaculis. Morbi volutpat molestie orci ac convallis. Proin molestie dolor eu feugiat fermentum. In egestas auctor tempus. Pellentesque maximus euismod erat iaculis semper. Integer sapien purus, euismod ut velit sed, ullamcorper faucibus lacus. Sed congue, urna id venenatis ultricies, purus nulla [&hellip;]<\/p>\n","protected":false},"author":1,"featured_media":0,"parent":0,"menu_order":0,"comment_status":"open","ping_status":"open","template":"page-17.php","meta":{"_acf_changed":false,"footnotes":""},"class_list":["post-164","page","type-page","status-publish","hentry"],"acf":[],"yoast_head":"<!-- This site is optimized with the Yoast SEO plugin v26.7 - https:\/\/yoast.com\/wordpress\/plugins\/seo\/ -->\n<title>Les partenaires de votre s\u00e9jour - Chalet les Clarines<\/title>\n<meta name=\"description\" content=\"D\u00e9couvrez les partenaires de confiance du chalet Les Clarines \u00e0 La Rosi\u00e8re 1850 : ils facilitent l&#039;organisation de votre s\u00e9jour \u00e0 la montagne !\" \/>\n<meta name=\"robots\" content=\"index, follow, max-snippet:-1, max-image-preview:large, max-video-preview:-1\" \/>\n<link rel=\"canonical\" href=\"https:\/\/chalet-les-clarines.com\/en\/nos-partenaires\/\" \/>\n<meta property=\"og:locale\" content=\"en_US\" \/>\n<meta property=\"og:type\" content=\"article\" \/>\n<meta property=\"og:title\" content=\"Les partenaires de votre s\u00e9jour - Chalet les Clarines\" \/>\n<meta property=\"og:description\" content=\"D\u00e9couvrez les partenaires de confiance du chalet Les Clarines \u00e0 La Rosi\u00e8re 1850 : ils facilitent l&#039;organisation de votre s\u00e9jour \u00e0 la montagne !\" \/>\n<meta property=\"og:url\" content=\"https:\/\/chalet-les-clarines.com\/en\/nos-partenaires\/\" \/>\n<meta property=\"og:site_name\" content=\"Le Chalet Clarines\" \/>\n<meta property=\"article:modified_time\" content=\"2024-09-10T07:47:37+00:00\" \/>\n<meta name=\"twitter:label1\" content=\"Est. reading time\" \/>\n\t<meta name=\"twitter:data1\" content=\"2 minutes\" \/>\n<script type=\"application\/ld+json\" class=\"yoast-schema-graph\">{\"@context\":\"https:\/\/schema.org\",\"@graph\":[{\"@type\":\"WebPage\",\"@id\":\"https:\/\/chalet-les-clarines.com\/en\/nos-partenaires\/\",\"url\":\"https:\/\/chalet-les-clarines.com\/en\/nos-partenaires\/\",\"name\":\"Les partenaires de votre s\u00e9jour - Chalet les Clarines\",\"isPartOf\":{\"@id\":\"https:\/\/chalet-les-clarines.com\/#website\"},\"datePublished\":\"2014-10-31T15:06:27+00:00\",\"dateModified\":\"2024-09-10T07:47:37+00:00\",\"description\":\"D\u00e9couvrez les partenaires de confiance du chalet Les Clarines \u00e0 La Rosi\u00e8re 1850 : ils facilitent l'organisation de votre s\u00e9jour \u00e0 la montagne !\",\"breadcrumb\":{\"@id\":\"https:\/\/chalet-les-clarines.com\/en\/nos-partenaires\/#breadcrumb\"},\"inLanguage\":\"en-US\",\"potentialAction\":[{\"@type\":\"ReadAction\",\"target\":[\"https:\/\/chalet-les-clarines.com\/en\/nos-partenaires\/\"]}]},{\"@type\":\"BreadcrumbList\",\"@id\":\"https:\/\/chalet-les-clarines.com\/en\/nos-partenaires\/#breadcrumb\",\"itemListElement\":[{\"@type\":\"ListItem\",\"position\":1,\"name\":\"Accueil\",\"item\":\"https:\/\/chalet-les-clarines.com\/en\/\"},{\"@type\":\"ListItem\",\"position\":2,\"name\":\"Partners\"}]},{\"@type\":\"WebSite\",\"@id\":\"https:\/\/chalet-les-clarines.com\/#website\",\"url\":\"https:\/\/chalet-les-clarines.com\/\",\"name\":\"Le Chalet Clarines\",\"description\":\"\",\"potentialAction\":[{\"@type\":\"SearchAction\",\"target\":{\"@type\":\"EntryPoint\",\"urlTemplate\":\"https:\/\/chalet-les-clarines.com\/?s={search_term_string}\"},\"query-input\":{\"@type\":\"PropertyValueSpecification\",\"valueRequired\":true,\"valueName\":\"search_term_string\"}}],\"inLanguage\":\"en-US\"}]}<\/script>\n<!-- \/ Yoast SEO plugin. -->","yoast_head_json":{"title":"Les partenaires de votre s\u00e9jour - Chalet les Clarines","description":"D\u00e9couvrez les partenaires de confiance du chalet Les Clarines \u00e0 La Rosi\u00e8re 1850 : ils facilitent l'organisation de votre s\u00e9jour \u00e0 la montagne !","robots":{"index":"index","follow":"follow","max-snippet":"max-snippet:-1","max-image-preview":"max-image-preview:large","max-video-preview":"max-video-preview:-1"},"canonical":"https:\/\/chalet-les-clarines.com\/en\/nos-partenaires\/","og_locale":"en_US","og_type":"article","og_title":"Les partenaires de votre s\u00e9jour - Chalet les Clarines","og_description":"D\u00e9couvrez les partenaires de confiance du chalet Les Clarines \u00e0 La Rosi\u00e8re 1850 : ils facilitent l'organisation de votre s\u00e9jour \u00e0 la montagne !","og_url":"https:\/\/chalet-les-clarines.com\/en\/nos-partenaires\/","og_site_name":"Le Chalet Clarines","article_modified_time":"2024-09-10T07:47:37+00:00","twitter_misc":{"Est. reading time":"2 minutes"},"schema":{"@context":"https:\/\/schema.org","@graph":[{"@type":"WebPage","@id":"https:\/\/chalet-les-clarines.com\/en\/nos-partenaires\/","url":"https:\/\/chalet-les-clarines.com\/en\/nos-partenaires\/","name":"Les partenaires de votre s\u00e9jour - Chalet les Clarines","isPartOf":{"@id":"https:\/\/chalet-les-clarines.com\/#website"},"datePublished":"2014-10-31T15:06:27+00:00","dateModified":"2024-09-10T07:47:37+00:00","description":"D\u00e9couvrez les partenaires de confiance du chalet Les Clarines \u00e0 La Rosi\u00e8re 1850 : ils facilitent l'organisation de votre s\u00e9jour \u00e0 la montagne !","breadcrumb":{"@id":"https:\/\/chalet-les-clarines.com\/en\/nos-partenaires\/#breadcrumb"},"inLanguage":"en-US","potentialAction":[{"@type":"ReadAction","target":["https:\/\/chalet-les-clarines.com\/en\/nos-partenaires\/"]}]},{"@type":"BreadcrumbList","@id":"https:\/\/chalet-les-clarines.com\/en\/nos-partenaires\/#breadcrumb","itemListElement":[{"@type":"ListItem","position":1,"name":"Accueil","item":"https:\/\/chalet-les-clarines.com\/en\/"},{"@type":"ListItem","position":2,"name":"Partners"}]},{"@type":"WebSite","@id":"https:\/\/chalet-les-clarines.com\/#website","url":"https:\/\/chalet-les-clarines.com\/","name":"Le Chalet Clarines","description":"","potentialAction":[{"@type":"SearchAction","target":{"@type":"EntryPoint","urlTemplate":"https:\/\/chalet-les-clarines.com\/?s={search_term_string}"},"query-input":{"@type":"PropertyValueSpecification","valueRequired":true,"valueName":"search_term_string"}}],"inLanguage":"en-US"}]}},"_links":{"self":[{"href":"https:\/\/chalet-les-clarines.com\/en\/wp-json\/wp\/v2\/pages\/164","targetHints":{"allow":["GET"]}}],"collection":[{"href":"https:\/\/chalet-les-clarines.com\/en\/wp-json\/wp\/v2\/pages"}],"about":[{"href":"https:\/\/chalet-les-clarines.com\/en\/wp-json\/wp\/v2\/types\/page"}],"author":[{"embeddable":true,"href":"https:\/\/chalet-les-clarines.com\/en\/wp-json\/wp\/v2\/users\/1"}],"replies":[{"embeddable":true,"href":"https:\/\/chalet-les-clarines.com\/en\/wp-json\/wp\/v2\/comments?post=164"}],"version-history":[{"count":5,"href":"https:\/\/chalet-les-clarines.com\/en\/wp-json\/wp\/v2\/pages\/164\/revisions"}],"predecessor-version":[{"id":2193,"href":"https:\/\/chalet-les-clarines.com\/en\/wp-json\/wp\/v2\/pages\/164\/revisions\/2193"}],"wp:attachment":[{"href":"https:\/\/chalet-les-clarines.com\/en\/wp-json\/wp\/v2\/media?parent=164"}],"curies":[{"name":"wp","href":"https:\/\/api.w.org\/{rel}","templated":true}]}}